{"id":262,"date":"2024-07-09T17:43:06","date_gmt":"2024-07-09T15:43:06","guid":{"rendered":"https:\/\/canellabeachhotel.ms2.decms.eu\/localisation\/"},"modified":"2025-01-20T12:01:54","modified_gmt":"2025-01-20T11:01:54","slug":"localisation","status":"publish","type":"page","link":"https:\/\/canellabeachhotel.com\/en\/localisation\/","title":{"rendered":"Localisation"},"content":{"rendered":"<p>The Hotel Canella Beach is 20 minutes from P\u00f4le Cara\u00efbes international airport and 15 minutes from Pointe-\u00e0-Pitre, which has been designated a City of Art and History. This three-star resort is located at the end of the Pointe de la Verdure, a popular tourist area of Le Gosier.<br \/>\nSurrounding the hotel are splendid beaches, breathtaking panoramas, a variety of restaurants, lively bars and a variety of water sports to suit everybody\u2019s preferences.<br \/>\nCanella Beach is also perfect for business travellers, as it is just 20 minutes from the Jarry and Doth\u00e9mare business centres.<br \/>\nWith its seafront location, on a sandy beach and surrounded by a tropical garden, this family-run hotel is a relaxing setting for a holiday or business trip.<\/p>\n","protected":false},"excerpt":{"rendered":"<p>The Hotel Canella Beach is 20 minutes from P\u00f4le Cara\u00efbes international airport and 15 minutes from Pointe-\u00e0-Pitre, which has been designated a City of Art and History. This three-star resort is located at the end of the Pointe de la Verdure, a popular tourist area of Le Gosier. Surrounding the hotel are splendid beaches, breathtaking [&hellip;]<\/p>\n","protected":false},"author":19,"featured_media":0,"parent":0,"menu_order":0,"comment_status":"closed","ping_status":"closed","template":"template-location.php","meta":{"footnotes":""},"yoast_head":"<!-- This site is optimized with the Yoast SEO plugin v22.3 - https:\/\/yoast.com\/wordpress\/plugins\/seo\/ -->\n<title>H\u00f4tel \u00e0 Gosier Guadeloupe | Canella Beach Hotel<\/title>\n<meta name=\"description\" content=\"Profitez d&#039;un h\u00f4tel en bord de mer avec piscine, acc\u00e8s direct \u00e0 la plage de Canella au Gosier en Guadeloupe, et services de qualit\u00e9 pour un s\u00e9jour relaxant et unique.\" \/>\n<meta name=\"robots\" content=\"index, follow, max-snippet:-1, max-image-preview:large, max-video-preview:-1\" \/>\n<link rel=\"canonical\" href=\"https:\/\/canellabeachhotel.com\/en\/localisation\/\" \/>\n<meta property=\"og:locale\" content=\"en_US\" \/>\n<meta property=\"og:type\" content=\"article\" \/>\n<meta property=\"og:title\" content=\"H\u00f4tel \u00e0 Gosier Guadeloupe | Canella Beach Hotel\" \/>\n<meta property=\"og:description\" content=\"Profitez d&#039;un h\u00f4tel en bord de mer avec piscine, acc\u00e8s direct \u00e0 la plage de Canella au Gosier en Guadeloupe, et services de qualit\u00e9 pour un s\u00e9jour relaxant et unique.\" \/>\n<meta property=\"og:url\" content=\"https:\/\/canellabeachhotel.com\/en\/localisation\/\" \/>\n<meta property=\"og:site_name\" content=\"Canella Beach Hotel\" \/>\n<meta property=\"article:modified_time\" content=\"2025-01-20T11:01:54+00:00\" \/>\n<meta name=\"twitter:card\" content=\"summary_large_image\" \/>\n<meta name=\"twitter:label1\" content=\"Est. reading time\" \/>\n\t<meta name=\"twitter:data1\" content=\"1 minute\" \/>\n<script type=\"application\/ld+json\" class=\"yoast-schema-graph\">{\"@context\":\"https:\/\/schema.org\",\"@graph\":[{\"@type\":\"WebPage\",\"@id\":\"https:\/\/canellabeachhotel.com\/en\/localisation\/\",\"url\":\"https:\/\/canellabeachhotel.com\/en\/localisation\/\",\"name\":\"H\u00f4tel \u00e0 Gosier Guadeloupe | Canella Beach Hotel\",\"isPartOf\":{\"@id\":\"https:\/\/canellabeachhotel.com\/en\/#website\"},\"datePublished\":\"2024-07-09T15:43:06+00:00\",\"dateModified\":\"2025-01-20T11:01:54+00:00\",\"description\":\"Profitez d'un h\u00f4tel en bord de mer avec piscine, acc\u00e8s direct \u00e0 la plage de Canella au Gosier en Guadeloupe, et services de qualit\u00e9 pour un s\u00e9jour relaxant et unique.\",\"breadcrumb\":{\"@id\":\"https:\/\/canellabeachhotel.com\/en\/localisation\/#breadcrumb\"},\"inLanguage\":\"en-US\",\"potentialAction\":[{\"@type\":\"ReadAction\",\"target\":[\"https:\/\/canellabeachhotel.com\/en\/localisation\/\"]}]},{\"@type\":\"BreadcrumbList\",\"@id\":\"https:\/\/canellabeachhotel.com\/en\/localisation\/#breadcrumb\",\"itemListElement\":[{\"@type\":\"ListItem\",\"position\":1,\"name\":\"Accueil\",\"item\":\"https:\/\/canellabeachhotel.com\/en\/\"},{\"@type\":\"ListItem\",\"position\":2,\"name\":\"Localisation\"}]},{\"@type\":\"WebSite\",\"@id\":\"https:\/\/canellabeachhotel.com\/en\/#website\",\"url\":\"https:\/\/canellabeachhotel.com\/en\/\",\"name\":\"Canella Beach Hotel\",\"description\":\"\",\"potentialAction\":[{\"@type\":\"SearchAction\",\"target\":{\"@type\":\"EntryPoint\",\"urlTemplate\":\"https:\/\/canellabeachhotel.com\/en\/?s={search_term_string}\"},\"query-input\":\"required name=search_term_string\"}],\"inLanguage\":\"en-US\"}]}<\/script>\n<!-- \/ Yoast SEO plugin. -->","yoast_head_json":{"title":"H\u00f4tel \u00e0 Gosier Guadeloupe | Canella Beach Hotel","description":"Profitez d'un h\u00f4tel en bord de mer avec piscine, acc\u00e8s direct \u00e0 la plage de Canella au Gosier en Guadeloupe, et services de qualit\u00e9 pour un s\u00e9jour relaxant et unique.","robots":{"index":"index","follow":"follow","max-snippet":"max-snippet:-1","max-image-preview":"max-image-preview:large","max-video-preview":"max-video-preview:-1"},"canonical":"https:\/\/canellabeachhotel.com\/en\/localisation\/","og_locale":"en_US","og_type":"article","og_title":"H\u00f4tel \u00e0 Gosier Guadeloupe | Canella Beach Hotel","og_description":"Profitez d'un h\u00f4tel en bord de mer avec piscine, acc\u00e8s direct \u00e0 la plage de Canella au Gosier en Guadeloupe, et services de qualit\u00e9 pour un s\u00e9jour relaxant et unique.","og_url":"https:\/\/canellabeachhotel.com\/en\/localisation\/","og_site_name":"Canella Beach Hotel","article_modified_time":"2025-01-20T11:01:54+00:00","twitter_card":"summary_large_image","twitter_misc":{"Est. reading time":"1 minute"},"schema":{"@context":"https:\/\/schema.org","@graph":[{"@type":"WebPage","@id":"https:\/\/canellabeachhotel.com\/en\/localisation\/","url":"https:\/\/canellabeachhotel.com\/en\/localisation\/","name":"H\u00f4tel \u00e0 Gosier Guadeloupe | Canella Beach Hotel","isPartOf":{"@id":"https:\/\/canellabeachhotel.com\/en\/#website"},"datePublished":"2024-07-09T15:43:06+00:00","dateModified":"2025-01-20T11:01:54+00:00","description":"Profitez d'un h\u00f4tel en bord de mer avec piscine, acc\u00e8s direct \u00e0 la plage de Canella au Gosier en Guadeloupe, et services de qualit\u00e9 pour un s\u00e9jour relaxant et unique.","breadcrumb":{"@id":"https:\/\/canellabeachhotel.com\/en\/localisation\/#breadcrumb"},"inLanguage":"en-US","potentialAction":[{"@type":"ReadAction","target":["https:\/\/canellabeachhotel.com\/en\/localisation\/"]}]},{"@type":"BreadcrumbList","@id":"https:\/\/canellabeachhotel.com\/en\/localisation\/#breadcrumb","itemListElement":[{"@type":"ListItem","position":1,"name":"Accueil","item":"https:\/\/canellabeachhotel.com\/en\/"},{"@type":"ListItem","position":2,"name":"Localisation"}]},{"@type":"WebSite","@id":"https:\/\/canellabeachhotel.com\/en\/#website","url":"https:\/\/canellabeachhotel.com\/en\/","name":"Canella Beach Hotel","description":"","potentialAction":[{"@type":"SearchAction","target":{"@type":"EntryPoint","urlTemplate":"https:\/\/canellabeachhotel.com\/en\/?s={search_term_string}"},"query-input":"required name=search_term_string"}],"inLanguage":"en-US"}]}},"acf":[],"_links":{"self":[{"href":"https:\/\/canellabeachhotel.com\/en\/wp-json\/wp\/v2\/pages\/262"}],"collection":[{"href":"https:\/\/canellabeachhotel.com\/en\/wp-json\/wp\/v2\/pages"}],"about":[{"href":"https:\/\/canellabeachhotel.com\/en\/wp-json\/wp\/v2\/types\/page"}],"author":[{"embeddable":true,"href":"https:\/\/canellabeachhotel.com\/en\/wp-json\/wp\/v2\/users\/19"}],"replies":[{"embeddable":true,"href":"https:\/\/canellabeachhotel.com\/en\/wp-json\/wp\/v2\/comments?post=262"}],"version-history":[{"count":0,"href":"https:\/\/canellabeachhotel.com\/en\/wp-json\/wp\/v2\/pages\/262\/revisions"}],"wp:attachment":[{"href":"https:\/\/canellabeachhotel.com\/en\/wp-json\/wp\/v2\/media?parent=262"}],"curies":[{"name":"wp","href":"https:\/\/api.w.org\/{rel}","templated":true}]}}