{"id":260,"date":"2024-07-09T17:44:20","date_gmt":"2024-07-09T15:44:20","guid":{"rendered":"https:\/\/canellabeachhotel.ms2.decms.eu\/salles-de-reunions\/"},"modified":"2025-01-31T16:55:30","modified_gmt":"2025-01-31T15:55:30","slug":"meeting-rooms","status":"publish","type":"page","link":"https:\/\/canellabeachhotel.com\/en\/meeting-rooms\/","title":{"rendered":"Meeting rooms"},"content":{"rendered":"<p>Canella Beach is the ideal place to hold your meetings and seminars, whether they\u2019re large or small, with a capacity of 10 to 120 people. Our air-conditioned \u2018Iris\u2019 and \u2018Colibri\u2019 rooms, with their breathtaking sea views, provide an inspiring backdrop for your business events.<\/p>\n<p><strong>Functional and furnished rooms<\/strong><\/p>\n<p>&#8211; \u2018Colibri\u2019 room: Ideal for conferences and seminars, this room can accommodate from 10 to 120 participants in a modular and functional space.<br \/>\n&#8211; \u2018Iris\u2019 room: Perfect for smaller meetings, workshops or training courses, this room provides a friendly and cosier setting for groups of less than 20 people.<\/p>\n<p>All our rooms are equipped with the latest technology to support your presentations, such as a video projector, sound system, Wi-Fi, flipchart, briefcases and pens, ensuring that your events run smoothly.<\/p>\n<p><strong>An idyllic setting for all your events<\/strong><\/p>\n<p>Our rooms are not just for business meetings. They are also perfect for celebrating special occasions such as weddings, christenings, communions and birthdays, in an idyllic setting a short walk from a white sandy beach with heavenly blue waters.<\/p>\n<p>For a personalised quote or to arrange your event, contact our Events Manager, Monday to Friday, via the details below. Let us organise your event for you for total peace of mind!<\/p>\n<p>Contact:<br \/>\nEmail: <a href=\"mailto:evenements@canellabeach.com\">evenements@canellabeach.com<\/a><br \/>\nTelephone: <a href=\"http:\/\/+0590(0)590 90 90 44 91\">+0590 (0) 590 90 90 44 91<\/a><\/p>\n<p>Enjoy a complete range of services and an enchanting setting to make your event unforgettable!<\/p>\n","protected":false},"excerpt":{"rendered":"<p>Canella Beach is the ideal place to hold your meetings and seminars, whether they\u2019re large or small, with a capacity of 10 to 120 people. Our air-conditioned \u2018Iris\u2019 and \u2018Colibri\u2019 rooms, with their breathtaking sea views, provide an inspiring backdrop for your business events. Functional and furnished rooms &#8211; \u2018Colibri\u2019 room: Ideal for conferences and [&hellip;]<\/p>\n","protected":false},"author":19,"featured_media":0,"parent":0,"menu_order":0,"comment_status":"closed","ping_status":"closed","template":"template-meeting.php","meta":{"footnotes":""},"yoast_head":"<!-- This site is optimized with the Yoast SEO plugin v22.3 - https:\/\/yoast.com\/wordpress\/plugins\/seo\/ -->\n<title>H\u00f4tel pour S\u00e9minaires en Guadeloupe | Canella Beach Hotel<\/title>\n<meta name=\"description\" content=\"Profitez de notre espace adapt\u00e9 aux \u00e9v\u00e9nements, de chambres confortables, et de services pour organiser votre s\u00e9minaire r\u00e9ussi dans un cadre agr\u00e9able\" \/>\n<meta name=\"robots\" content=\"index, follow, max-snippet:-1, max-image-preview:large, max-video-preview:-1\" \/>\n<link rel=\"canonical\" href=\"https:\/\/canellabeachhotel.com\/en\/meeting-rooms\/\" \/>\n<meta property=\"og:locale\" content=\"en_US\" \/>\n<meta property=\"og:type\" content=\"article\" \/>\n<meta property=\"og:title\" content=\"H\u00f4tel pour S\u00e9minaires en Guadeloupe | Canella Beach Hotel\" \/>\n<meta property=\"og:description\" content=\"Profitez de notre espace adapt\u00e9 aux \u00e9v\u00e9nements, de chambres confortables, et de services pour organiser votre s\u00e9minaire r\u00e9ussi dans un cadre agr\u00e9able\" \/>\n<meta property=\"og:url\" content=\"https:\/\/canellabeachhotel.com\/en\/meeting-rooms\/\" \/>\n<meta property=\"og:site_name\" content=\"Canella Beach Hotel\" \/>\n<meta property=\"article:modified_time\" content=\"2025-01-31T15:55:30+00:00\" \/>\n<meta name=\"twitter:card\" content=\"summary_large_image\" \/>\n<meta name=\"twitter:label1\" content=\"Est. reading time\" \/>\n\t<meta name=\"twitter:data1\" content=\"2 minutes\" \/>\n<script type=\"application\/ld+json\" class=\"yoast-schema-graph\">{\"@context\":\"https:\/\/schema.org\",\"@graph\":[{\"@type\":\"WebPage\",\"@id\":\"https:\/\/canellabeachhotel.com\/en\/meeting-rooms\/\",\"url\":\"https:\/\/canellabeachhotel.com\/en\/meeting-rooms\/\",\"name\":\"H\u00f4tel pour S\u00e9minaires en Guadeloupe | Canella Beach Hotel\",\"isPartOf\":{\"@id\":\"https:\/\/canellabeachhotel.com\/en\/#website\"},\"datePublished\":\"2024-07-09T15:44:20+00:00\",\"dateModified\":\"2025-01-31T15:55:30+00:00\",\"description\":\"Profitez de notre espace adapt\u00e9 aux \u00e9v\u00e9nements, de chambres confortables, et de services pour organiser votre s\u00e9minaire r\u00e9ussi dans un cadre agr\u00e9able\",\"breadcrumb\":{\"@id\":\"https:\/\/canellabeachhotel.com\/en\/meeting-rooms\/#breadcrumb\"},\"inLanguage\":\"en-US\",\"potentialAction\":[{\"@type\":\"ReadAction\",\"target\":[\"https:\/\/canellabeachhotel.com\/en\/meeting-rooms\/\"]}]},{\"@type\":\"BreadcrumbList\",\"@id\":\"https:\/\/canellabeachhotel.com\/en\/meeting-rooms\/#breadcrumb\",\"itemListElement\":[{\"@type\":\"ListItem\",\"position\":1,\"name\":\"Accueil\",\"item\":\"https:\/\/canellabeachhotel.com\/en\/\"},{\"@type\":\"ListItem\",\"position\":2,\"name\":\"Meeting rooms\"}]},{\"@type\":\"WebSite\",\"@id\":\"https:\/\/canellabeachhotel.com\/en\/#website\",\"url\":\"https:\/\/canellabeachhotel.com\/en\/\",\"name\":\"Canella Beach Hotel\",\"description\":\"\",\"potentialAction\":[{\"@type\":\"SearchAction\",\"target\":{\"@type\":\"EntryPoint\",\"urlTemplate\":\"https:\/\/canellabeachhotel.com\/en\/?s={search_term_string}\"},\"query-input\":\"required name=search_term_string\"}],\"inLanguage\":\"en-US\"}]}<\/script>\n<!-- \/ Yoast SEO plugin. -->","yoast_head_json":{"title":"H\u00f4tel pour S\u00e9minaires en Guadeloupe | Canella Beach Hotel","description":"Profitez de notre espace adapt\u00e9 aux \u00e9v\u00e9nements, de chambres confortables, et de services pour organiser votre s\u00e9minaire r\u00e9ussi dans un cadre agr\u00e9able","robots":{"index":"index","follow":"follow","max-snippet":"max-snippet:-1","max-image-preview":"max-image-preview:large","max-video-preview":"max-video-preview:-1"},"canonical":"https:\/\/canellabeachhotel.com\/en\/meeting-rooms\/","og_locale":"en_US","og_type":"article","og_title":"H\u00f4tel pour S\u00e9minaires en Guadeloupe | Canella Beach Hotel","og_description":"Profitez de notre espace adapt\u00e9 aux \u00e9v\u00e9nements, de chambres confortables, et de services pour organiser votre s\u00e9minaire r\u00e9ussi dans un cadre agr\u00e9able","og_url":"https:\/\/canellabeachhotel.com\/en\/meeting-rooms\/","og_site_name":"Canella Beach Hotel","article_modified_time":"2025-01-31T15:55:30+00:00","twitter_card":"summary_large_image","twitter_misc":{"Est. reading time":"2 minutes"},"schema":{"@context":"https:\/\/schema.org","@graph":[{"@type":"WebPage","@id":"https:\/\/canellabeachhotel.com\/en\/meeting-rooms\/","url":"https:\/\/canellabeachhotel.com\/en\/meeting-rooms\/","name":"H\u00f4tel pour S\u00e9minaires en Guadeloupe | Canella Beach Hotel","isPartOf":{"@id":"https:\/\/canellabeachhotel.com\/en\/#website"},"datePublished":"2024-07-09T15:44:20+00:00","dateModified":"2025-01-31T15:55:30+00:00","description":"Profitez de notre espace adapt\u00e9 aux \u00e9v\u00e9nements, de chambres confortables, et de services pour organiser votre s\u00e9minaire r\u00e9ussi dans un cadre agr\u00e9able","breadcrumb":{"@id":"https:\/\/canellabeachhotel.com\/en\/meeting-rooms\/#breadcrumb"},"inLanguage":"en-US","potentialAction":[{"@type":"ReadAction","target":["https:\/\/canellabeachhotel.com\/en\/meeting-rooms\/"]}]},{"@type":"BreadcrumbList","@id":"https:\/\/canellabeachhotel.com\/en\/meeting-rooms\/#breadcrumb","itemListElement":[{"@type":"ListItem","position":1,"name":"Accueil","item":"https:\/\/canellabeachhotel.com\/en\/"},{"@type":"ListItem","position":2,"name":"Meeting rooms"}]},{"@type":"WebSite","@id":"https:\/\/canellabeachhotel.com\/en\/#website","url":"https:\/\/canellabeachhotel.com\/en\/","name":"Canella Beach Hotel","description":"","potentialAction":[{"@type":"SearchAction","target":{"@type":"EntryPoint","urlTemplate":"https:\/\/canellabeachhotel.com\/en\/?s={search_term_string}"},"query-input":"required name=search_term_string"}],"inLanguage":"en-US"}]}},"acf":[],"_links":{"self":[{"href":"https:\/\/canellabeachhotel.com\/en\/wp-json\/wp\/v2\/pages\/260"}],"collection":[{"href":"https:\/\/canellabeachhotel.com\/en\/wp-json\/wp\/v2\/pages"}],"about":[{"href":"https:\/\/canellabeachhotel.com\/en\/wp-json\/wp\/v2\/types\/page"}],"author":[{"embeddable":true,"href":"https:\/\/canellabeachhotel.com\/en\/wp-json\/wp\/v2\/users\/19"}],"replies":[{"embeddable":true,"href":"https:\/\/canellabeachhotel.com\/en\/wp-json\/wp\/v2\/comments?post=260"}],"version-history":[{"count":0,"href":"https:\/\/canellabeachhotel.com\/en\/wp-json\/wp\/v2\/pages\/260\/revisions"}],"wp:attachment":[{"href":"https:\/\/canellabeachhotel.com\/en\/wp-json\/wp\/v2\/media?parent=260"}],"curies":[{"name":"wp","href":"https:\/\/api.w.org\/{rel}","templated":true}]}}