{"id":241,"date":"2024-07-09T17:42:51","date_gmt":"2024-07-09T15:42:51","guid":{"rendered":"http:\/\/canellabeachhotel.ms2.decms.eu\/accueil\/"},"modified":"2025-12-15T15:33:03","modified_gmt":"2025-12-15T14:33:03","slug":"accueil","status":"publish","type":"page","link":"https:\/\/canellabeachhotel.com\/en\/","title":{"rendered":"Home"},"content":{"rendered":"<p><span data-sheets-root=\"1\">Welcome to Canella Beach Hotel, a haven of peace located in the heart of the seaside resort of Le Gosier in Guadeloupe. Ideally located just 12 km from P\u00f4le Cara\u00efbes international airport and 7 km from vibrant Pointe-\u00e0-Pitre. Our hotel is perfect for a relaxing stay in an inviting environment.<\/span><\/p>\n<p>Our studios, suites and flats, split between two buildings boasting Caribbean colours, embody the welcoming spirit of Guadeloupe. Each spacious room, decorated in Creole style, is designed for sheer tranquillity, with breathtaking views of the sea, pool or lush gardens.<\/p>\n<p>The Hotel-Residence Canella Beach is much more than just a place to stay, it\u2019s a haven of peace, set in jewel of greenery by the beachfront, where a welcoming atmosphere is combined with the Creole art of living for a welcoming and authentic experience.<\/p>\n","protected":false},"excerpt":{"rendered":"<p>Welcome to Canella Beach Hotel, a haven of peace located in the heart of the seaside resort of Le Gosier in Guadeloupe. Ideally located just 12 km from P\u00f4le Cara\u00efbes international airport and 7 km from vibrant Pointe-\u00e0-Pitre. Our hotel is perfect for a relaxing stay in an inviting environment. Our studios, suites and flats, [&hellip;]<\/p>\n","protected":false},"author":19,"featured_media":0,"parent":0,"menu_order":0,"comment_status":"closed","ping_status":"closed","template":"","meta":{"footnotes":""},"yoast_head":"<!-- This site is optimized with the Yoast SEO plugin v22.3 - https:\/\/yoast.com\/wordpress\/plugins\/seo\/ -->\n<title>Beachfront hotel in Guadeloupe | Canella Beach Hotel<\/title>\n<meta name=\"description\" content=\"Enjoy our seafront hotel with breathtaking views, comfortable rooms and direct access to the beach. Book now for a relaxing holiday.\" \/>\n<meta name=\"robots\" content=\"index, follow, max-snippet:-1, max-image-preview:large, max-video-preview:-1\" \/>\n<link rel=\"canonical\" href=\"https:\/\/canellabeachhotel.com\/en\/\" \/>\n<meta property=\"og:locale\" content=\"en_US\" \/>\n<meta property=\"og:type\" content=\"article\" \/>\n<meta property=\"og:title\" content=\"Beachfront hotel in Guadeloupe | Canella Beach Hotel\" \/>\n<meta property=\"og:description\" content=\"Enjoy our seafront hotel with breathtaking views, comfortable rooms and direct access to the beach. Book now for a relaxing holiday.\" \/>\n<meta property=\"og:url\" content=\"https:\/\/canellabeachhotel.com\/en\/\" \/>\n<meta property=\"og:site_name\" content=\"Canella Beach Hotel\" \/>\n<meta property=\"article:modified_time\" content=\"2025-12-15T14:33:03+00:00\" \/>\n<meta name=\"twitter:card\" content=\"summary_large_image\" \/>\n<meta name=\"twitter:label1\" content=\"Est. reading time\" \/>\n\t<meta name=\"twitter:data1\" content=\"1 minute\" \/>\n<script type=\"application\/ld+json\" class=\"yoast-schema-graph\">{\"@context\":\"https:\/\/schema.org\",\"@graph\":[{\"@type\":\"WebPage\",\"@id\":\"https:\/\/canellabeachhotel.com\/en\/\",\"url\":\"https:\/\/canellabeachhotel.com\/en\/\",\"name\":\"Beachfront hotel in Guadeloupe | Canella Beach Hotel\",\"isPartOf\":{\"@id\":\"https:\/\/canellabeachhotel.com\/en\/#website\"},\"datePublished\":\"2024-07-09T15:42:51+00:00\",\"dateModified\":\"2025-12-15T14:33:03+00:00\",\"description\":\"Enjoy our seafront hotel with breathtaking views, comfortable rooms and direct access to the beach. Book now for a relaxing holiday.\",\"breadcrumb\":{\"@id\":\"https:\/\/canellabeachhotel.com\/en\/#breadcrumb\"},\"inLanguage\":\"en-US\",\"potentialAction\":[{\"@type\":\"ReadAction\",\"target\":[\"https:\/\/canellabeachhotel.com\/en\/\"]}]},{\"@type\":\"BreadcrumbList\",\"@id\":\"https:\/\/canellabeachhotel.com\/en\/#breadcrumb\",\"itemListElement\":[{\"@type\":\"ListItem\",\"position\":1,\"name\":\"Accueil\",\"item\":\"https:\/\/canellabeachhotel.com\/en\/\"},{\"@type\":\"ListItem\",\"position\":2,\"name\":\"Home\"}]},{\"@type\":\"WebSite\",\"@id\":\"https:\/\/canellabeachhotel.com\/en\/#website\",\"url\":\"https:\/\/canellabeachhotel.com\/en\/\",\"name\":\"Canella Beach Hotel\",\"description\":\"\",\"potentialAction\":[{\"@type\":\"SearchAction\",\"target\":{\"@type\":\"EntryPoint\",\"urlTemplate\":\"https:\/\/canellabeachhotel.com\/en\/?s={search_term_string}\"},\"query-input\":\"required name=search_term_string\"}],\"inLanguage\":\"en-US\"}]}<\/script>\n<!-- \/ Yoast SEO plugin. -->","yoast_head_json":{"title":"Beachfront hotel in Guadeloupe | Canella Beach Hotel","description":"Enjoy our seafront hotel with breathtaking views, comfortable rooms and direct access to the beach. Book now for a relaxing holiday.","robots":{"index":"index","follow":"follow","max-snippet":"max-snippet:-1","max-image-preview":"max-image-preview:large","max-video-preview":"max-video-preview:-1"},"canonical":"https:\/\/canellabeachhotel.com\/en\/","og_locale":"en_US","og_type":"article","og_title":"Beachfront hotel in Guadeloupe | Canella Beach Hotel","og_description":"Enjoy our seafront hotel with breathtaking views, comfortable rooms and direct access to the beach. Book now for a relaxing holiday.","og_url":"https:\/\/canellabeachhotel.com\/en\/","og_site_name":"Canella Beach Hotel","article_modified_time":"2025-12-15T14:33:03+00:00","twitter_card":"summary_large_image","twitter_misc":{"Est. reading time":"1 minute"},"schema":{"@context":"https:\/\/schema.org","@graph":[{"@type":"WebPage","@id":"https:\/\/canellabeachhotel.com\/en\/","url":"https:\/\/canellabeachhotel.com\/en\/","name":"Beachfront hotel in Guadeloupe | Canella Beach Hotel","isPartOf":{"@id":"https:\/\/canellabeachhotel.com\/en\/#website"},"datePublished":"2024-07-09T15:42:51+00:00","dateModified":"2025-12-15T14:33:03+00:00","description":"Enjoy our seafront hotel with breathtaking views, comfortable rooms and direct access to the beach. Book now for a relaxing holiday.","breadcrumb":{"@id":"https:\/\/canellabeachhotel.com\/en\/#breadcrumb"},"inLanguage":"en-US","potentialAction":[{"@type":"ReadAction","target":["https:\/\/canellabeachhotel.com\/en\/"]}]},{"@type":"BreadcrumbList","@id":"https:\/\/canellabeachhotel.com\/en\/#breadcrumb","itemListElement":[{"@type":"ListItem","position":1,"name":"Accueil","item":"https:\/\/canellabeachhotel.com\/en\/"},{"@type":"ListItem","position":2,"name":"Home"}]},{"@type":"WebSite","@id":"https:\/\/canellabeachhotel.com\/en\/#website","url":"https:\/\/canellabeachhotel.com\/en\/","name":"Canella Beach Hotel","description":"","potentialAction":[{"@type":"SearchAction","target":{"@type":"EntryPoint","urlTemplate":"https:\/\/canellabeachhotel.com\/en\/?s={search_term_string}"},"query-input":"required name=search_term_string"}],"inLanguage":"en-US"}]}},"acf":[],"_links":{"self":[{"href":"https:\/\/canellabeachhotel.com\/en\/wp-json\/wp\/v2\/pages\/241"}],"collection":[{"href":"https:\/\/canellabeachhotel.com\/en\/wp-json\/wp\/v2\/pages"}],"about":[{"href":"https:\/\/canellabeachhotel.com\/en\/wp-json\/wp\/v2\/types\/page"}],"author":[{"embeddable":true,"href":"https:\/\/canellabeachhotel.com\/en\/wp-json\/wp\/v2\/users\/19"}],"replies":[{"embeddable":true,"href":"https:\/\/canellabeachhotel.com\/en\/wp-json\/wp\/v2\/comments?post=241"}],"version-history":[{"count":0,"href":"https:\/\/canellabeachhotel.com\/en\/wp-json\/wp\/v2\/pages\/241\/revisions"}],"wp:attachment":[{"href":"https:\/\/canellabeachhotel.com\/en\/wp-json\/wp\/v2\/media?parent=241"}],"curies":[{"name":"wp","href":"https:\/\/api.w.org\/{rel}","templated":true}]}}